{"id":497,"date":"2014-11-08T17:13:59","date_gmt":"2014-11-08T17:13:59","guid":{"rendered":"http:\/\/linardics.hu\/termekeink-2\/"},"modified":"2015-06-23T20:22:47","modified_gmt":"2015-06-23T20:22:47","slug":"produkte","status":"publish","type":"page","link":"https:\/\/linardics.hu\/de\/produkte\/","title":{"rendered":"Unsere Produkte"},"content":{"rendered":"<p>Die Linardics Kft ist ein engagierter Anh\u00e4nger der hochqualitativen CNC-Blechbearbeitung, die wir mit unseren modernen Dienstleistungen, sich kontinuierlich erneuernden Maschinen, unserem strengen Qualit\u00e4tssicherungssystem, allumfassenden Unternehmensleitungssystem, gut ausgebildeten Fachkr\u00e4ften und unserem Fachwissen realiseren k\u00f6nnen, nunmehr seit mehr als 20 Jahren.<\/p>\n","protected":false},"excerpt":{"rendered":"<p>Die Linardics Kft ist ein engagierter Anh\u00e4nger der hochqualitativen CNC-Blechbearbeitung, die wir mit unseren modernen Dienstleistungen, sich kontinuierlich erneuernden Maschinen, unserem strengen Qualit\u00e4tssicherungssystem, allumfassenden Unternehmensleitungssystem, gut ausgebildeten Fachkr\u00e4ften und unserem Fachwissen realiseren k\u00f6nnen, nunmehr seit mehr als 20 Jahren.<\/p>\n","protected":false},"author":3,"featured_media":57,"parent":0,"menu_order":0,"comment_status":"closed","ping_status":"closed","template":"archive-product.php","meta":{"footnotes":""},"class_list":["post-497","page","type-page","status-publish","has-post-thumbnail","hentry"],"_links":{"self":[{"href":"https:\/\/linardics.hu\/de\/wp-json\/wp\/v2\/pages\/497","targetHints":{"allow":["GET"]}}],"collection":[{"href":"https:\/\/linardics.hu\/de\/wp-json\/wp\/v2\/pages"}],"about":[{"href":"https:\/\/linardics.hu\/de\/wp-json\/wp\/v2\/types\/page"}],"author":[{"embeddable":true,"href":"https:\/\/linardics.hu\/de\/wp-json\/wp\/v2\/users\/3"}],"replies":[{"embeddable":true,"href":"https:\/\/linardics.hu\/de\/wp-json\/wp\/v2\/comments?post=497"}],"version-history":[{"count":2,"href":"https:\/\/linardics.hu\/de\/wp-json\/wp\/v2\/pages\/497\/revisions"}],"predecessor-version":[{"id":512,"href":"https:\/\/linardics.hu\/de\/wp-json\/wp\/v2\/pages\/497\/revisions\/512"}],"wp:featuredmedia":[{"embeddable":true,"href":"https:\/\/linardics.hu\/de\/wp-json\/wp\/v2\/media\/57"}],"wp:attachment":[{"href":"https:\/\/linardics.hu\/de\/wp-json\/wp\/v2\/media?parent=497"}],"curies":[{"name":"wp","href":"https:\/\/api.w.org\/{rel}","templated":true}]}}