{"id":495,"date":"2014-11-05T20:48:50","date_gmt":"2014-11-05T20:48:50","guid":{"rendered":"http:\/\/linardics.hu\/cegunkrol-2\/"},"modified":"2015-07-03T12:04:12","modified_gmt":"2015-07-03T12:04:12","slug":"firma","status":"publish","type":"page","link":"https:\/\/linardics.hu\/de\/firma\/","title":{"rendered":"Unsere Firma"},"content":{"rendered":"<h2>Profi in der Metallindustrie seit zwei Jahrzehnten<\/h2>\n<p>Eines der Hauptprofile unserer Firma ist die vielf\u00e4ltige Bearbeitung von Blechteilen<br \/>\n<!--more--><br \/>\nDas Unternehmen wurde vor mehr als zwei Jahrzehnten, im Jahre 1994 gegr\u00fcndet. Unsere Firma ist eine Familienunternehmung mit 100%igem ungarischem Eigentum, die selbst die h\u00f6chsten Kundenanspr\u00fcche befriedigt. Unsere beiden Haupteinheiten sind der CNC-Blechbearbeitungsbetrieb und der Pulverbeschichtungsbetrieb, die dank den kontinuierlichen Entwicklungen mit den st\u00e4ndig wachsenden fachlichen Erwartungen Schritt halten k\u00f6nnen.<\/p>\n<p>Unsere Gesellschaft verf\u00fcgt in zwei Standorten \u00fcber 3000 m2 Produktionsgebiet, beziehungsweise 8500 m2 Gesamtfl\u00e4che &#8211; im eigenen Eigentum.<\/p>\n<p><strong>Die Linardics Kft. hat im Jahre 2004 die Qualifizierung ISO 9001:2000 gewonnen. &#8211; Unsere Qualit\u00e4tspolitik ist durch die Erf\u00fcllung der jeweiligen h\u00f6chsten Anspr\u00fcche gekennzeichnet. <\/strong><\/p>\n<p>Unsere Firma verf\u00fcgt \u00fcber jedes Mittel, Maschine, Ausr\u00fcstung und IT-Hintergrund, mit denen die schnelle, genaue und effiziente Arbeitsverrichtung gew\u00e4hrleiset werden kann. Unsere hochqualifizierte Fachleute stehen mit jahrzehntelanger Erfahrung zu Ihrer Verf\u00fcgung.<\/p>\n<p>Unsere Firma hat sich dazu verpflichtet, die immer komplexeren Bed\u00fcrfnisse ihrer Kunden effizient zu l\u00f6sen.<\/p>\n<h3>BLECHBEARBEITUNG<\/h3>\n<p>Unsere Firma steht mit folgenden Technologien auf dem Gebiet der Blechbearbeitung zur Verf\u00fcgung ihrer vorhandenen und k\u00fcnftigen Kunden:<\/p>\n<ul>\n<li>Laserschneiden &#8211; mit Maschinen des Typs TRUMPF<\/li>\n<li>Stanzen &#8211; mit Maschinen des Typs TRUMPF<\/li>\n<li>CNC Kantenbiegung \u2013 mit Maschinen des Typs AMADA<\/li>\n<li>Schwei\u00dfen, Zusammensetzung, Abrichtung<\/li>\n<li>Punktschwei\u00dfen<\/li>\n<li>Bolzenschwei\u00dfen<\/li>\n<li>Einpressung von Bindeelementen<\/li>\n<\/ul>\n<p>&nbsp;<\/p>\n<p><img loading=\"lazy\" decoding=\"async\" class=\"aligncenter wp-image-128 \" src=\"https:\/\/linardics.hu\/wp-content\/uploads\/2014\/11\/trupunch-500.jpg\" alt=\"trupunch-500\" width=\"670\" height=\"394\" srcset=\"https:\/\/linardics.hu\/wp-content\/uploads\/2014\/11\/trupunch-500.jpg 673w, https:\/\/linardics.hu\/wp-content\/uploads\/2014\/11\/trupunch-500-300x176.jpg 300w\" sizes=\"auto, (max-width: 670px) 100vw, 670px\" \/><\/p>\n<p>&nbsp;<\/p>\n<h3>ELEKTROSTATISCHE PULVERBESCHICHTUNG<\/h3>\n<p>Die elektrostatische Pulverbeschichtung ist eine der modernsten und umweltfreundlichsten Technologien der Oberfl\u00e4chenbehandlung. Sie bildet eine Korrosionsschutzbeschichtung, die mit entsprechender Oberfl\u00e4chenvorbereitung die Korrosion der Oberfl\u00e4che  f\u00fcr f\u00fcnf, zehn ja sogar f\u00fcr f\u00fcnfzehn Jahre verhindert.<\/p>\n<p>Unser Pulverbeschichtungsbetrieb verf\u00fcgt \u00fcber einen 7500 mm langen und einen weiteren, 3500 mm langen, 1600 x 1000 mm breiten Einbrennofen, die \u00fcber ein Conveyor-Bef\u00f6rderungssystem mit f\u00fcnf Streukabinen verbunden sind, und somit die Beschichtung mit mehreren Farben auf einmal erm\u00f6glichen.  <\/p>\n<p>Daher bedeutet die schnelle Umstellung von den verschiedenen Farben und die kurzfristigen Auftr\u00e4ge kein Problem.<\/p>\n<p>Wir machen die Pulverbeschichtung (Sintern) mit Streupistolen Gema und Wagner.<\/p>\n<p>Die Oberfl\u00e4chenbehandlung erfolgt je nach Beadrf mit Entfettung und Phosphatierung, mit Kornstreuung, mit Entfettung durch Waschwanne und Streuung, welche die Bedingungen der den Normen und den h\u00f6chsten Anspr\u00fcchen entsprechenden Arbeitsverrichtung gew\u00e4hrleisten.<\/p>\n<p><img loading=\"lazy\" decoding=\"async\" class=\"  wp-image-184 aligncenter\" src=\"https:\/\/linardics.hu\/wp-content\/uploads\/2014\/11\/ITWGemaOptiSelectGunHD.jpg\" alt=\"ITWGemaOptiSelectGunHD\" width=\"600\" height=\"400\" srcset=\"https:\/\/linardics.hu\/wp-content\/uploads\/2014\/11\/ITWGemaOptiSelectGunHD.jpg 1260w, https:\/\/linardics.hu\/wp-content\/uploads\/2014\/11\/ITWGemaOptiSelectGunHD-300x200.jpg 300w, https:\/\/linardics.hu\/wp-content\/uploads\/2014\/11\/ITWGemaOptiSelectGunHD-1024x683.jpg 1024w\" sizes=\"auto, (max-width: 600px) 100vw, 600px\" \/><\/p>\n","protected":false},"excerpt":{"rendered":"<p>Profi in der Metallindustrie seit zwei Jahrzehnten Eines der Hauptprofile unserer Firma ist die vielf\u00e4ltige Bearbeitung von Blechteilen<\/p>\n","protected":false},"author":3,"featured_media":1420,"parent":0,"menu_order":0,"comment_status":"open","ping_status":"closed","template":"","meta":{"footnotes":""},"class_list":["post-495","page","type-page","status-publish","has-post-thumbnail","hentry"],"_links":{"self":[{"href":"https:\/\/linardics.hu\/de\/wp-json\/wp\/v2\/pages\/495","targetHints":{"allow":["GET"]}}],"collection":[{"href":"https:\/\/linardics.hu\/de\/wp-json\/wp\/v2\/pages"}],"about":[{"href":"https:\/\/linardics.hu\/de\/wp-json\/wp\/v2\/types\/page"}],"author":[{"embeddable":true,"href":"https:\/\/linardics.hu\/de\/wp-json\/wp\/v2\/users\/3"}],"replies":[{"embeddable":true,"href":"https:\/\/linardics.hu\/de\/wp-json\/wp\/v2\/comments?post=495"}],"version-history":[{"count":3,"href":"https:\/\/linardics.hu\/de\/wp-json\/wp\/v2\/pages\/495\/revisions"}],"predecessor-version":[{"id":557,"href":"https:\/\/linardics.hu\/de\/wp-json\/wp\/v2\/pages\/495\/revisions\/557"}],"wp:featuredmedia":[{"embeddable":true,"href":"https:\/\/linardics.hu\/de\/wp-json\/wp\/v2\/media\/1420"}],"wp:attachment":[{"href":"https:\/\/linardics.hu\/de\/wp-json\/wp\/v2\/media?parent=495"}],"curies":[{"name":"wp","href":"https:\/\/api.w.org\/{rel}","templated":true}]}}