{"id":493,"date":"2014-11-05T20:58:26","date_gmt":"2014-11-05T20:58:26","guid":{"rendered":"http:\/\/linardics.hu\/kapcsolat-2\/"},"modified":"2024-09-02T21:53:18","modified_gmt":"2024-09-02T19:53:18","slug":"kontakt","status":"publish","type":"page","link":"https:\/\/linardics.hu\/de\/kontakt\/","title":{"rendered":"Kontakt"},"content":{"rendered":"<h3>Wir danken Ihnen, dass Sie sich f\u00fcr die Produkte und Dienstleistungen unserer Firma interessieren.<br \/>\nWir stehen Ihnen unter folgenden Erreichbarkeiten gern zur Verf\u00fcgung.<\/h3>\n<div class=\"info\">\n<div class=\"row mb-5\">\n<div class=\"col-md-1 col-xs-3 text-left\"><strong>E-mail:<\/strong><\/div>\n<div class=\"col-md-11 col-xs-9 text-left\"><a href=\"mailto:linardicskft@linardics.hu\">linardicskft@linardics.hu<\/a><\/div>\n<\/div>\n<div class=\"row mb-5\">\n<div class=\"col-md-1 col-xs-3 text-left\"><strong>Telefon:<\/strong><\/div>\n<div class=\"col-md-11 col-xs-9 text-left\"><a href=\"tel:+3622503865\">(+36) 22 503 865<\/a><\/div>\n<\/div>\n<div class=\"row mb-5\">\n<div class=\"col-md-1 col-xs-12 text-left\"><strong>Sitz:<\/strong><\/div>\n<div class=\"col-md-11 col-xs-12 text-left\">8000 Sz\u00e9kesfeh\u00e9rv\u00e1r, S\u00f3st\u00f3 Ipari Park Osztr\u00e1k utca 1.<\/div>\n<\/div>\n<div class=\"row mb-5\">\n<div class=\"col-md-1 col-xs-12 text-left\"><strong>Standort:<\/strong><\/div>\n<div class=\"col-md-11 col-xs-12 text-left\">8000 Sz\u00e9kesfeh\u00e9rv\u00e1r, Osztr\u00e1k utca 1.<\/div>\n<\/div>\n<div class=\"row mb-5\">\n<div class=\"col-md-1 col-xs-12 text-left\"><\/div>\n<div class=\"col-md-11 col-xs-12 text-left\">8000 Sz\u00e9kesfeh\u00e9rv\u00e1r, Angol utca<\/div>\n<\/div>\n<div class=\"row mb-5\">\n<div class=\"col-md-1 col-xs-12 text-left\"><strong>Postanschrift:<\/strong><\/div>\n<div class=\"col-md-11 col-xs-12 text-left\">8000 Sz\u00e9kesfeh\u00e9rv\u00e1r, S\u00f3st\u00f3i Ipari Park Osztr\u00e1k utca 1.<\/div>\n<\/div>\n<\/div>\n<div class=\"one-half\">\n<h3>Sitz<\/h3>\n<p><iframe loading=\"lazy\" style=\"border: 0;\" src=\"https:\/\/www.google.com\/maps\/embed?pb=!1m14!1m8!1m3!1d52414.20490060541!2d18.411339!3d47.13818499999999!3m2!1i1024!2i768!4f13.1!3m3!1m2!1s0x0%3A0xd040f712b481d15c!2sLinardics+Kft.!5e1!3m2!1shu!2shu!4v1422456152934\" width=\"100%\" height=\"300\" frameborder=\"0\"><\/iframe><\/p>\n<\/div>\n<div class=\"one-half column-last\">\n<h3>Standort<\/h3>\n<p><iframe loading=\"lazy\" style=\"border: 0;\" src=\"https:\/\/www.google.com\/maps\/embed?pb=!1m14!1m8!1m3!1d13103.311437341852!2d18.410113!3d47.139157999999995!3m2!1i1024!2i768!4f13.1!3m3!1m2!1s0x4769f0b27e2f21b3%3A0x4fd302265d26a7ec!2zQW5nb2wgdS4gMSwgU3rDqWtlc2ZlaMOpcnbDoXIsIDgwMDAgTWFneWFyb3JzesOhZw!5e1!3m2!1shu!2shu!4v1422456102833\" width=\"100%\" height=\"300\" frameborder=\"0\"><\/iframe><\/p>\n<\/div>\n<div class=\"clear\"><\/div>\n<div id=\"our-team\">\n<h3>Unser Team<\/h3>\n<div class=\"row contact-card-row\">\n<div class=\"col-md-4 col-sm-4 col-xs-6 px-20\">\n<div class=\"contact-card\">\n<img decoding=\"async\" class=\"aligncenter size-full wp-image-339\" src=\"https:\/\/linardics.hu\/wp-content\/uploads\/2023\/03\/sziluett-ferfi.png\" alt=\"Linardics Iv\u00e1n\" \/><br \/>\n<strong>Linardics Iv\u00e1n<\/strong><br \/>\nGesch\u00e4ftsf\u00fchrer, Eigent\u00fcmer<br \/>\n<a href=\"mailto:linardics@linardics.hu\">linardics@linardics.hu<\/a><br \/>\n<a href=\"tel:+3622503865\">(+36) 22 503 865\/119<\/a><br \/>\n<a href=\"tel:+3606309561527\">(+36) 30 956 1527<\/a>\n<\/div>\n<\/div>\n<div class=\"col-md-4 col-sm-4 col-xs-6 px-20\">\n<div class=\"contact-card\">\n<img decoding=\"async\" class=\"aligncenter size-full wp-image-338\" src=\"https:\/\/linardics.hu\/wp-content\/uploads\/2023\/03\/sziluett-no.png\" alt=\"Linardics D\u00f3ra\" \/><br \/>\n<strong>Linardics D\u00f3ra<\/strong><br \/>\nStrategische Direktorin, Eigent\u00fcmerin<br \/>\n<a href=\"mailto:linardicsdora@linardics.hu\">linardicsdora@linardics.hu<\/a><br \/>\n<a href=\"tel:+3622503865\">(+36) 22 503 865\/121<\/a><br \/>\n<a href=\"tel:+36303489314\">(+36) 30 348 9314<\/a>\n<\/div>\n<\/div>\n<div class=\"col-md-4 col-sm-4 col-xs-6 px-20\">\n<div class=\"contact-card\">\n<img decoding=\"async\" class=\"aligncenter wp-image-353 size-full\" src=\"https:\/\/linardics.hu\/wp-content\/uploads\/2023\/03\/sziluett-ferfi.png\" alt=\"Linardics Mil\u00e1n\" \/><br \/>\n<strong>Linardics Mil\u00e1n<\/strong><br \/>\nEigent\u00fcmer<br \/>\n<a href=\"mailto:linardicsmilan@linardics.hu\">linardicsmilan@linardics.hu<\/a><br \/>\n<a href=\"tel:+3622503865\">(+36) 22 503-865\/117<\/a><br \/>\n<a href=\"tel:+36303854753\">(+36) 30 385 4753<\/a>\n<\/div>\n<\/div>\n<div class=\"col-md-4 col-sm-4 col-xs-6 px-20\">\n<div class=\"contact-card\">\n<img decoding=\"async\" class=\"aligncenter size-full wp-image-343\" src=\"https:\/\/linardics.hu\/wp-content\/uploads\/2023\/03\/sziluett-ferfi.png\" alt=\"Ny\u00e1ri Zolt\u00e1n\" \/><br \/>\n<strong>Rost\u00e1s Bal\u00e1zs<\/strong><br \/>\nProduktions- und Qualit\u00e4tsmanagementleiter<br \/>\n<a href=\"mailto:termeles@linardics.hu\">termeles@linardics.hu<\/a><br \/>\n<a href=\"tel:+3622503865\">(+36) 22 503 865\/126<\/a><br \/>\n<a href=\"tel:+36307893565\">(+36) 30 789 3565<\/a>\n<\/div>\n<\/div>\n<div class=\"col-md-4 col-sm-4 col-xs-6 px-20\">\n<div class=\"contact-card\">\n<img decoding=\"async\" class=\"aligncenter size-full wp-image-344\" src=\"https:\/\/linardics.hu\/wp-content\/uploads\/2023\/03\/sziluett-ferfi.png\" alt=\"Szab\u00f3 \u00c1rp\u00e1d\" \/><br \/>\n<strong>Szab\u00f3 \u00c1rp\u00e1d<\/strong><br \/>\nTechnologischer Leiter<br \/>\n<a href=\"mailto:technologia@linardics.hu\">technologia@linardics.hu<\/a><br \/>\n<a href=\"tel:+3622503865\">(+36) 22 503-865\/122<\/a><br \/>\n<a href=\"tel:+36304967107\">(+36) 30 496 7107<\/a>\n<\/div>\n<\/div>\n<div class=\"col-md-4 col-sm-4 col-xs-6 px-20\">\n<div class=\"contact-card\">\n<img decoding=\"async\" class=\"aligncenter size-full wp-image-336\" src=\"https:\/\/linardics.hu\/wp-content\/uploads\/2023\/03\/sziluett-ferfi.png\" alt=\"K\u00e1lm\u00e1n P\u00e9ter\" \/><br \/>\n<strong>K\u00e1lm\u00e1n P\u00e9ter<\/strong><br \/>\nKalkulation, Kundenbetreuung<br \/>\n<a href=\"mailto:linardicskft@linardics.hu\">linardicskft@linardics.hu<\/a><br \/>\n<a href=\"tel:+3622503865\">(+36) 22 503 865\/115<\/a><br \/>\n<a href=\"tel:+36306449464\">(+36) 30 644 9464<\/a>\n<\/div>\n<\/div>\n<div class=\"col-md-4 col-sm-4 col-xs-6 px-20\">\n<div class=\"contact-card\">\n<img decoding=\"async\" class=\"aligncenter size-full wp-image-341\" src=\"https:\/\/linardics.hu\/wp-content\/uploads\/2023\/03\/sziluett-no.png\" alt=\"S\u00fcveges-Szab\u00f3 Margit\" \/><br \/>\n<strong>S\u00fcveges-Szab\u00f3 Margit<\/strong><br \/>\nRechnungsstellung, Sachbearbeiterin f\u00fcr Finanzen<br \/>\n<a href=\"mailto:szamlazas@linardics.hu\">szamlazas@linardics.hu<\/a><br \/>\n<a href=\"tel:+3622503865\">(+36) 22 503 865\/113<\/a>\n<\/div>\n<\/div>\n<div class=\"col-md-4 col-sm-4 col-xs-6 px-20\">\n<div class=\"contact-card\">\n<img decoding=\"async\" class=\"aligncenter size-full wp-image-341\" src=\"https:\/\/linardics.hu\/wp-content\/uploads\/2023\/03\/sziluett-no.png\" alt=\"Tak\u00e1csn\u00e9 M\u00e9reg Csilla\" \/><br \/>\n<strong>Tak\u00e1csn\u00e9 M\u00e9reg Csilla<\/strong><br \/>\nAssistentin f\u00fcr Arbeitswesen<br \/>\n<a href=\"mailto:munkaugy@linardics.hu\">munkaugy@linardics.hu<\/a><br \/>\n<a href=\"tel:+3622503865\">(+36) 22 503 865\/112<\/a><br \/>\n<a href=\"tel:+36302689327\">(+36) 30 548 6708<\/a>\n<\/div>\n<\/div>\n<\/div>\n<div class=\"clear\"><\/div>\n<\/div>\n<div class=\"form-container\">\n<h3>\u00c1raj\u00e1nlat<\/h3>\n<div class=\"form\">\n<div class=\"wpcf7 no-js\" id=\"wpcf7-f504-o1\" lang=\"de-DE\" dir=\"ltr\" data-wpcf7-id=\"504\">\n<div class=\"screen-reader-response\"><p role=\"status\" aria-live=\"polite\" aria-atomic=\"true\"><\/p> <ul><\/ul><\/div>\n<form action=\"\/de\/wp-json\/wp\/v2\/pages\/493#wpcf7-f504-o1\" method=\"post\" class=\"wpcf7-form init\" aria-label=\"Kontaktformular\" novalidate=\"novalidate\" data-status=\"init\">\n<fieldset class=\"hidden-fields-container\"><input type=\"hidden\" name=\"_wpcf7\" value=\"504\" \/><input type=\"hidden\" name=\"_wpcf7_version\" value=\"6.1.5\" \/><input type=\"hidden\" name=\"_wpcf7_locale\" value=\"de_DE\" \/><input type=\"hidden\" name=\"_wpcf7_unit_tag\" value=\"wpcf7-f504-o1\" \/><input type=\"hidden\" name=\"_wpcf7_container_post\" value=\"0\" \/><input type=\"hidden\" name=\"_wpcf7_posted_data_hash\" value=\"\" \/>\n<\/fieldset>\n<fieldset>\n\t<p><label>Name<span class=\"asterisk\">*<\/span><\/label><span class=\"wpcf7-form-control-wrap\" data-name=\"client-name\"><input size=\"40\" maxlength=\"400\" class=\"wpcf7-form-control wpcf7-text wpcf7-validates-as-required\" aria-required=\"true\" aria-invalid=\"false\" placeholder=\"Es freut uns, Sie kennen zu lernen\" value=\"\" type=\"text\" name=\"client-name\" \/><\/span>\n\t<\/p>\n<\/fieldset>\n<fieldset>\n\t<p><label>Firmenname<\/label><span class=\"wpcf7-form-control-wrap\" data-name=\"company-name\"><input size=\"40\" maxlength=\"400\" class=\"wpcf7-form-control wpcf7-text\" aria-invalid=\"false\" placeholder=\"Bitte angeben, wenn sie das Angebot auf den Firmennamen erhalten m\u00f6chten\" value=\"\" type=\"text\" name=\"company-name\" \/><\/span>\n\t<\/p>\n<\/fieldset>\n<fieldset>\n\t<p><label>E-mail<span class=\"asterisk\">*<\/span><\/label><span class=\"wpcf7-form-control-wrap\" data-name=\"client-email\"><input size=\"40\" maxlength=\"400\" class=\"wpcf7-form-control wpcf7-email wpcf7-validates-as-required wpcf7-text wpcf7-validates-as-email\" aria-required=\"true\" aria-invalid=\"false\" placeholder=\"Keine Sorge, wird nicht weitergeleitet\" value=\"\" type=\"email\" name=\"client-email\" \/><\/span>\n\t<\/p>\n<\/fieldset>\n<fieldset>\n\t<p><label>Telefon <span class=\"asterisk\">*<\/span><\/label><span class=\"wpcf7-form-control-wrap\" data-name=\"client-phone\"><input size=\"40\" maxlength=\"400\" class=\"wpcf7-form-control wpcf7-text wpcf7-validates-as-required\" aria-required=\"true\" aria-invalid=\"false\" placeholder=\"Wir rufen Sie gern zur\u00fcck\" value=\"\" type=\"text\" name=\"client-phone\" \/><\/span>\n\t<\/p>\n<\/fieldset>\n<fieldset>\n\t<p><label>Betreff<span class=\"asterisk\">*<\/span><\/label><span class=\"wpcf7-form-control-wrap\" data-name=\"client-subject\"><input size=\"40\" maxlength=\"400\" class=\"wpcf7-form-control wpcf7-text wpcf7-validates-as-required\" aria-required=\"true\" aria-invalid=\"false\" placeholder=\"Wie k\u00f6nnen wir Ihnen helfen?\" value=\"\" type=\"text\" name=\"client-subject\" \/><\/span>\n\t<\/p>\n<\/fieldset>\n<fieldset>\n\t<p><label>Nachricht<span class=\"asterisk\">*<\/span><\/label><span class=\"wpcf7-form-control-wrap\" data-name=\"client-message\"><textarea cols=\"40\" rows=\"5\" maxlength=\"2000\" class=\"wpcf7-form-control wpcf7-textarea wpcf7-validates-as-required\" aria-required=\"true\" aria-invalid=\"false\" placeholder=\"Bitte detaillieren Sie Ihre Bestellung (Menge, Materialqualit\u00e4t, Farbe)\" name=\"client-message\"><\/textarea><\/span>\n\t<\/p>\n<\/fieldset>\n<fieldset>\n\t<p><input class=\"wpcf7-form-control wpcf7-submit has-spinner\" type=\"submit\" value=\"Nachricht absenden\" \/>\n\t<\/p>\n<\/fieldset><div class=\"wpcf7-response-output\" aria-hidden=\"true\"><\/div>\n<\/form>\n<\/div>\n<\/div>\n<\/div>\n","protected":false},"excerpt":{"rendered":"<p>Wir danken Ihnen, dass Sie sich f\u00fcr die Produkte und Dienstleistungen unserer Firma interessieren. Wir stehen Ihnen unter folgenden Erreichbarkeiten gern zur Verf\u00fcgung. E-mail: linardicskft@linardics.hu Telefon: (+36) 22 503 865 Sitz: 8000 Sz\u00e9kesfeh\u00e9rv\u00e1r, S\u00f3st\u00f3 Ipari Park Osztr\u00e1k utca 1. Standort: 8000 Sz\u00e9kesfeh\u00e9rv\u00e1r, Osztr\u00e1k utca 1. 8000 Sz\u00e9kesfeh\u00e9rv\u00e1r, Angol utca Postanschrift: 8000 Sz\u00e9kesfeh\u00e9rv\u00e1r, S\u00f3st\u00f3i Ipari Park [&hellip;]<\/p>\n","protected":false},"author":3,"featured_media":1420,"parent":0,"menu_order":0,"comment_status":"open","ping_status":"open","template":"","meta":{"footnotes":""},"class_list":["post-493","page","type-page","status-publish","has-post-thumbnail","hentry"],"_links":{"self":[{"href":"https:\/\/linardics.hu\/de\/wp-json\/wp\/v2\/pages\/493","targetHints":{"allow":["GET"]}}],"collection":[{"href":"https:\/\/linardics.hu\/de\/wp-json\/wp\/v2\/pages"}],"about":[{"href":"https:\/\/linardics.hu\/de\/wp-json\/wp\/v2\/types\/page"}],"author":[{"embeddable":true,"href":"https:\/\/linardics.hu\/de\/wp-json\/wp\/v2\/users\/3"}],"replies":[{"embeddable":true,"href":"https:\/\/linardics.hu\/de\/wp-json\/wp\/v2\/comments?post=493"}],"version-history":[{"count":17,"href":"https:\/\/linardics.hu\/de\/wp-json\/wp\/v2\/pages\/493\/revisions"}],"predecessor-version":[{"id":1243,"href":"https:\/\/linardics.hu\/de\/wp-json\/wp\/v2\/pages\/493\/revisions\/1243"}],"wp:featuredmedia":[{"embeddable":true,"href":"https:\/\/linardics.hu\/de\/wp-json\/wp\/v2\/media\/1420"}],"wp:attachment":[{"href":"https:\/\/linardics.hu\/de\/wp-json\/wp\/v2\/media?parent=493"}],"curies":[{"name":"wp","href":"https:\/\/api.w.org\/{rel}","templated":true}]}}