{"id":360,"date":"2014-11-08T17:11:45","date_gmt":"2014-11-08T17:11:45","guid":{"rendered":"http:\/\/linardics.hu\/szolgaltatasaink-2\/"},"modified":"2015-06-23T20:22:55","modified_gmt":"2015-06-23T20:22:55","slug":"dienstleistungen","status":"publish","type":"page","link":"https:\/\/linardics.hu\/de\/dienstleistungen\/","title":{"rendered":"Unsere Dienstleistungen"},"content":{"rendered":"<p>Die Linardics Kft erf\u00fcllt seit 1994, also mehr als zwei Jahrzehnten die unterschiedlichsten Bed\u00fcrfnisse der Auftraggeber auf dem Gebiet der Blechbearbeitung.<\/p>\n<p>Unsere komplexe Dienstleistung bietet Ihnen Herstellungsl\u00f6sungen von der Planung bis zur Auslieferung des Fertigproduktes. <\/p>\n<p>3D-Planung* Laserschneiden* Stanzen* Kantenbiegung* Schwei\u00dfen* Abrichtung* Pressen von Bindeelementen* Bolzenschwei\u00dfen* Kornstreuung* Elektrostatische Pulverbeschichtung* Auslieferung<\/p>\n","protected":false},"excerpt":{"rendered":"<p>Die Linardics Kft erf\u00fcllt seit 1994, also mehr als zwei Jahrzehnten die unterschiedlichsten Bed\u00fcrfnisse der Auftraggeber auf dem Gebiet der Blechbearbeitung. Unsere komplexe Dienstleistung bietet Ihnen Herstellungsl\u00f6sungen von der Planung bis zur Auslieferung des Fertigproduktes. 3D-Planung* Laserschneiden* Stanzen* Kantenbiegung* Schwei\u00dfen* Abrichtung* Pressen von Bindeelementen* Bolzenschwei\u00dfen* Kornstreuung* Elektrostatische Pulverbeschichtung* Auslieferung<\/p>\n","protected":false},"author":3,"featured_media":57,"parent":0,"menu_order":0,"comment_status":"closed","ping_status":"closed","template":"archive-service.php","meta":{"footnotes":""},"class_list":["post-360","page","type-page","status-publish","has-post-thumbnail","hentry"],"_links":{"self":[{"href":"https:\/\/linardics.hu\/de\/wp-json\/wp\/v2\/pages\/360","targetHints":{"allow":["GET"]}}],"collection":[{"href":"https:\/\/linardics.hu\/de\/wp-json\/wp\/v2\/pages"}],"about":[{"href":"https:\/\/linardics.hu\/de\/wp-json\/wp\/v2\/types\/page"}],"author":[{"embeddable":true,"href":"https:\/\/linardics.hu\/de\/wp-json\/wp\/v2\/users\/3"}],"replies":[{"embeddable":true,"href":"https:\/\/linardics.hu\/de\/wp-json\/wp\/v2\/comments?post=360"}],"version-history":[{"count":2,"href":"https:\/\/linardics.hu\/de\/wp-json\/wp\/v2\/pages\/360\/revisions"}],"predecessor-version":[{"id":499,"href":"https:\/\/linardics.hu\/de\/wp-json\/wp\/v2\/pages\/360\/revisions\/499"}],"wp:featuredmedia":[{"embeddable":true,"href":"https:\/\/linardics.hu\/de\/wp-json\/wp\/v2\/media\/57"}],"wp:attachment":[{"href":"https:\/\/linardics.hu\/de\/wp-json\/wp\/v2\/media?parent=360"}],"curies":[{"name":"wp","href":"https:\/\/api.w.org\/{rel}","templated":true}]}}